{"id":100,"date":"2003-04-30T00:00:12","date_gmt":"2003-04-29T23:00:12","guid":{"rendered":"http:\/\/www.unionbanka.cz\/?page_id=100"},"modified":"2017-02-07T11:46:19","modified_gmt":"2017-02-07T10:46:19","slug":"ustaveni-noveho-spravce-konkursni-podstaty","status":"publish","type":"page","link":"https:\/\/www.unionbanka.cz\/?page_id=100","title":{"rendered":"Ustaven\u00ed nov\u00e9ho spr\u00e1vce konkursn\u00ed podstaty"},"content":{"rendered":"<p><img loading=\"lazy\" decoding=\"async\" class=\"alignnone size-full wp-image-81\" src=\"http:\/\/www.unionbanka.cz\/wp-content\/uploads\/2016\/12\/usnes21.jpg\" alt=\"usnes21\" width=\"628\" height=\"855\" srcset=\"https:\/\/www.unionbanka.cz\/wp-content\/uploads\/2016\/12\/usnes21.jpg 628w, https:\/\/www.unionbanka.cz\/wp-content\/uploads\/2016\/12\/usnes21-220x300.jpg 220w\" sizes=\"(max-width: 628px) 100vw, 628px\" \/><\/p>\n","protected":false},"excerpt":{"rendered":"","protected":false},"author":3,"featured_media":0,"parent":0,"menu_order":0,"comment_status":"closed","ping_status":"closed","template":"","meta":{"footnotes":""},"_links":{"self":[{"href":"https:\/\/www.unionbanka.cz\/index.php?rest_route=\/wp\/v2\/pages\/100"}],"collection":[{"href":"https:\/\/www.unionbanka.cz\/index.php?rest_route=\/wp\/v2\/pages"}],"about":[{"href":"https:\/\/www.unionbanka.cz\/index.php?rest_route=\/wp\/v2\/types\/page"}],"author":[{"embeddable":true,"href":"https:\/\/www.unionbanka.cz\/index.php?rest_route=\/wp\/v2\/users\/3"}],"replies":[{"embeddable":true,"href":"https:\/\/www.unionbanka.cz\/index.php?rest_route=%2Fwp%2Fv2%2Fcomments&post=100"}],"version-history":[{"count":2,"href":"https:\/\/www.unionbanka.cz\/index.php?rest_route=\/wp\/v2\/pages\/100\/revisions"}],"predecessor-version":[{"id":105,"href":"https:\/\/www.unionbanka.cz\/index.php?rest_route=\/wp\/v2\/pages\/100\/revisions\/105"}],"wp:attachment":[{"href":"https:\/\/www.unionbanka.cz\/index.php?rest_route=%2Fwp%2Fv2%2Fmedia&parent=100"}],"curies":[{"name":"wp","href":"https:\/\/api.w.org\/{rel}","templated":true}]}}