{"id":102,"date":"2003-04-30T00:00:52","date_gmt":"2003-04-29T23:00:52","guid":{"rendered":"http:\/\/www.unionbanka.cz\/?page_id=102"},"modified":"2022-06-13T13:27:21","modified_gmt":"2022-06-13T12:27:21","slug":"usneseni-krajskeho-soudu-2","status":"publish","type":"page","link":"https:\/\/www.unionbanka.cz\/?page_id=102","title":{"rendered":"Usnesen\u00ed krajsk\u00e9ho soudu"},"content":{"rendered":"<ul>\n<li><a href=\"https:\/\/www.unionbanka.cz\/?page_id=40\">PROHL\u00c1\u0160EN\u00cd KONKURSU<\/a><\/li>\n<li><a href=\"https:\/\/www.unionbanka.cz\/?page_id=100\">USTAVEN\u00cd NOV\u00c9HO SPR\u00c1VCE KONKURSN\u00cd PODSTATY<\/a><\/li>\n<\/ul>\n","protected":false},"excerpt":{"rendered":"<p>PROHL\u00c1\u0160EN\u00cd KONKURSU USTAVEN\u00cd NOV\u00c9HO SPR\u00c1VCE KONKURSN\u00cd PODSTATY<\/p>\n","protected":false},"author":3,"featured_media":0,"parent":0,"menu_order":0,"comment_status":"closed","ping_status":"closed","template":"","meta":{"footnotes":""},"_links":{"self":[{"href":"https:\/\/www.unionbanka.cz\/index.php?rest_route=\/wp\/v2\/pages\/102"}],"collection":[{"href":"https:\/\/www.unionbanka.cz\/index.php?rest_route=\/wp\/v2\/pages"}],"about":[{"href":"https:\/\/www.unionbanka.cz\/index.php?rest_route=\/wp\/v2\/types\/page"}],"author":[{"embeddable":true,"href":"https:\/\/www.unionbanka.cz\/index.php?rest_route=\/wp\/v2\/users\/3"}],"replies":[{"embeddable":true,"href":"https:\/\/www.unionbanka.cz\/index.php?rest_route=%2Fwp%2Fv2%2Fcomments&post=102"}],"version-history":[{"count":4,"href":"https:\/\/www.unionbanka.cz\/index.php?rest_route=\/wp\/v2\/pages\/102\/revisions"}],"predecessor-version":[{"id":1013,"href":"https:\/\/www.unionbanka.cz\/index.php?rest_route=\/wp\/v2\/pages\/102\/revisions\/1013"}],"wp:attachment":[{"href":"https:\/\/www.unionbanka.cz\/index.php?rest_route=%2Fwp%2Fv2%2Fmedia&parent=102"}],"curies":[{"name":"wp","href":"https:\/\/api.w.org\/{rel}","templated":true}]}}