{"id":16,"date":"2003-04-30T00:00:08","date_gmt":"2003-04-29T23:00:08","guid":{"rendered":"http:\/\/www.unionbanka.cz\/?page_id=16"},"modified":"2022-06-13T13:24:19","modified_gmt":"2022-06-13T12:24:19","slug":"prohlaseni-konkursu","status":"publish","type":"page","link":"https:\/\/www.unionbanka.cz\/?page_id=16","title":{"rendered":"Prohl\u00e1\u0161en\u00ed konkursu"},"content":{"rendered":"<ul>\n<li><a href=\"https:\/\/www.unionbanka.cz\/?page_id=38\">Z\u00c1KON O KONKURSU A VYROVN\u00c1N\u00cd (ZKV)<\/a><\/li>\n<li><a href=\"https:\/\/www.unionbanka.cz\/?page_id=102\">USNESEN\u00cd KRAJSK\u00c9HO SOUDU<\/a><\/li>\n<\/ul>\n","protected":false},"excerpt":{"rendered":"<p>Z\u00c1KON O KONKURSU A VYROVN\u00c1N\u00cd (ZKV) USNESEN\u00cd KRAJSK\u00c9HO SOUDU<\/p>\n","protected":false},"author":3,"featured_media":0,"parent":0,"menu_order":0,"comment_status":"closed","ping_status":"closed","template":"","meta":{"footnotes":""},"_links":{"self":[{"href":"https:\/\/www.unionbanka.cz\/index.php?rest_route=\/wp\/v2\/pages\/16"}],"collection":[{"href":"https:\/\/www.unionbanka.cz\/index.php?rest_route=\/wp\/v2\/pages"}],"about":[{"href":"https:\/\/www.unionbanka.cz\/index.php?rest_route=\/wp\/v2\/types\/page"}],"author":[{"embeddable":true,"href":"https:\/\/www.unionbanka.cz\/index.php?rest_route=\/wp\/v2\/users\/3"}],"replies":[{"embeddable":true,"href":"https:\/\/www.unionbanka.cz\/index.php?rest_route=%2Fwp%2Fv2%2Fcomments&post=16"}],"version-history":[{"count":5,"href":"https:\/\/www.unionbanka.cz\/index.php?rest_route=\/wp\/v2\/pages\/16\/revisions"}],"predecessor-version":[{"id":1012,"href":"https:\/\/www.unionbanka.cz\/index.php?rest_route=\/wp\/v2\/pages\/16\/revisions\/1012"}],"wp:attachment":[{"href":"https:\/\/www.unionbanka.cz\/index.php?rest_route=%2Fwp%2Fv2%2Fmedia&parent=16"}],"curies":[{"name":"wp","href":"https:\/\/api.w.org\/{rel}","templated":true}]}}