{"id":18,"date":"2003-04-30T00:00:50","date_gmt":"2003-04-29T23:00:50","guid":{"rendered":"http:\/\/www.unionbanka.cz\/?page_id=18"},"modified":"2022-06-13T13:23:35","modified_gmt":"2022-06-13T12:23:35","slug":"organizacni-struktura","status":"publish","type":"page","link":"https:\/\/www.unionbanka.cz\/?page_id=18","title":{"rendered":"Organiza\u010dn\u00ed struktura"},"content":{"rendered":"<ul>\n<li><a href=\"https:\/\/www.unionbanka.cz\/?page_id=46\">V\u011a\u0158ITELSK\u00dd V\u00ddBOR<\/a><\/li>\n<li><a href=\"https:\/\/www.unionbanka.cz\/?page_id=48\">SPR\u00c1VCE KONKURSN\u00cd PODSTATY (SKP)<\/a><\/li>\n<\/ul>\n","protected":false},"excerpt":{"rendered":"<p>V\u011a\u0158ITELSK\u00dd V\u00ddBOR SPR\u00c1VCE KONKURSN\u00cd PODSTATY (SKP)<\/p>\n","protected":false},"author":3,"featured_media":0,"parent":0,"menu_order":0,"comment_status":"closed","ping_status":"closed","template":"","meta":{"footnotes":""},"_links":{"self":[{"href":"https:\/\/www.unionbanka.cz\/index.php?rest_route=\/wp\/v2\/pages\/18"}],"collection":[{"href":"https:\/\/www.unionbanka.cz\/index.php?rest_route=\/wp\/v2\/pages"}],"about":[{"href":"https:\/\/www.unionbanka.cz\/index.php?rest_route=\/wp\/v2\/types\/page"}],"author":[{"embeddable":true,"href":"https:\/\/www.unionbanka.cz\/index.php?rest_route=\/wp\/v2\/users\/3"}],"replies":[{"embeddable":true,"href":"https:\/\/www.unionbanka.cz\/index.php?rest_route=%2Fwp%2Fv2%2Fcomments&post=18"}],"version-history":[{"count":3,"href":"https:\/\/www.unionbanka.cz\/index.php?rest_route=\/wp\/v2\/pages\/18\/revisions"}],"predecessor-version":[{"id":1011,"href":"https:\/\/www.unionbanka.cz\/index.php?rest_route=\/wp\/v2\/pages\/18\/revisions\/1011"}],"wp:attachment":[{"href":"https:\/\/www.unionbanka.cz\/index.php?rest_route=%2Fwp%2Fv2%2Fmedia&parent=18"}],"curies":[{"name":"wp","href":"https:\/\/api.w.org\/{rel}","templated":true}]}}