{"id":20,"date":"2003-04-30T00:00:19","date_gmt":"2003-04-29T23:00:19","guid":{"rendered":"http:\/\/www.unionbanka.cz\/?page_id=20"},"modified":"2022-06-13T13:22:50","modified_gmt":"2022-06-13T12:22:50","slug":"prihlasky-pohledavek","status":"publish","type":"page","link":"https:\/\/www.unionbanka.cz\/?page_id=20","title":{"rendered":"P\u0159ihl\u00e1\u0161ky pohled\u00e1vek"},"content":{"rendered":"<ul>\n<li><a href=\"https:\/\/www.unionbanka.cz\/?page_id=50\">DOPIS V\u011a\u0158ITEL\u016eM<\/a><\/li>\n<li><a href=\"https:\/\/www.unionbanka.cz\/?page_id=52\">P\u0158IHL\u00c1\u0160KA<\/a><\/li>\n<li><a href=\"https:\/\/www.unionbanka.cz\/?page_id=54\">LEGISLATIVA<\/a><\/li>\n<\/ul>\n<p><b>Stav p\u0159ihl\u00e1\u0161ek pohled\u00e1vek v\u011b\u0159itel\u016f do konkursn\u00edho \u0159\u00edzen\u00ed \u00fapadce Union banka, a.s. &#8222;v likvidaci&#8220;<\/b><\/p>\n<p>Dle konkursn\u00edho z\u00e1kona m\u011bli v\u011b\u0159itel\u00e9 mo\u017enost p\u0159ihl\u00e1sit sv\u00e9 pohled\u00e1vky do konkursn\u00edho \u0159\u00edzen\u00ed ve lh\u016ft\u011b do dvou m\u011bs\u00edc\u016f od kon\u00e1n\u00ed prvn\u00edho p\u0159ezkumn\u00e9ho jedn\u00e1n\u00ed, tj. do 9.\u00a0dubna\u00a02004. K\u00a0pohled\u00e1vk\u00e1m, kter\u00e9 byly p\u0159ihl\u00e1\u0161eny po t\u00e9to lh\u016ft\u011b se nep\u0159ihl\u00ed\u017e\u00ed a spr\u00e1vce konkursn\u00ed podstaty o tom vyrozum\u011bl v\u0161echny v\u011b\u0159itele, kte\u0159\u00ed sv\u00e9 pohled\u00e1vky p\u0159ihl\u00e1sili pozd\u011b. Celkov\u00fd po\u010det p\u0159ihl\u00e1\u0161ek pohled\u00e1vek v\u011b\u0159itel\u016f do konkursn\u00edho \u0159\u00edzen\u00ed podan\u00fdch ve v\u00fd\u0161e uveden\u00e9 lh\u016ft\u011b je 75\u00a0452\u00a0ks.<\/p>\n<p>P\u0159ihl\u00e1\u0161ky pohled\u00e1vek byly spr\u00e1vcem konkursn\u00ed podstaty za\u0159azeny na seznam p\u0159ihl\u00e1\u0161en\u00fdch pohled\u00e1vek a p\u0159ezkoum\u00e1ny celkem na p\u011bti p\u0159ezkumn\u00fdch jedn\u00e1n\u00edch, kter\u00e9 se uskute\u010dnily dne 9.\u00a0\u00fanora\u00a02004, 28.\u00a0\u010dervna\u00a02004, 18.\u00a0\u0159\u00edjna\u00a02004, 4.\u00a0dubna\u00a02005 a 10.\u00a0\u0159\u00edjna\u00a02005. Spr\u00e1vce konkursn\u00ed podstaty dosud uznal pohled\u00e1vky v celkov\u00e9 v\u00fd\u0161i 15,425\u00a0mld.\u00a0K\u010d a pop\u0159el pohled\u00e1vky v celkov\u00e9 v\u00fd\u0161i 3,810\u00a0mld.\u00a0K\u010d.<\/p>\n<p>Seznamy p\u0159ihl\u00e1\u0161en\u00fdch pohled\u00e1vek, za\u0159azen\u00fdch na jednotliv\u00e1 p\u0159ezkumn\u00e1 jedn\u00e1n\u00ed jsou p\u0159\u00edlohou protokol\u016f z p\u0159ezkumn\u00fdch jedn\u00e1n\u00ed, a tyto jsou sou\u010d\u00e1st\u00ed konkursn\u00edho spisu.<\/p>\n<p>Kv\u011bten 2006<\/p>\n","protected":false},"excerpt":{"rendered":"<p>DOPIS V\u011a\u0158ITEL\u016eM P\u0158IHL\u00c1\u0160KA LEGISLATIVA Stav p\u0159ihl\u00e1\u0161ek pohled\u00e1vek v\u011b\u0159itel\u016f do konkursn\u00edho \u0159\u00edzen\u00ed \u00fapadce Union banka, a.s. &#8222;v likvidaci&#8220; Dle konkursn\u00edho z\u00e1kona m\u011bli v\u011b\u0159itel\u00e9 mo\u017enost p\u0159ihl\u00e1sit sv\u00e9 pohled\u00e1vky do konkursn\u00edho \u0159\u00edzen\u00ed ve lh\u016ft\u011b do dvou m\u011bs\u00edc\u016f od kon\u00e1n\u00ed prvn\u00edho p\u0159ezkumn\u00e9ho jedn\u00e1n\u00ed, tj. do 9.\u00a0dubna\u00a02004. K\u00a0pohled\u00e1vk\u00e1m, kter\u00e9 byly p\u0159ihl\u00e1\u0161eny po t\u00e9to lh\u016ft\u011b se nep\u0159ihl\u00ed\u017e\u00ed a spr\u00e1vce konkursn\u00ed podstaty\u2026 <span class=\"read-more\"><a href=\"https:\/\/www.unionbanka.cz\/?page_id=20\">Cel\u00fd \u010dl\u00e1nek &raquo;<\/a><\/span><\/p>\n","protected":false},"author":3,"featured_media":0,"parent":0,"menu_order":0,"comment_status":"closed","ping_status":"closed","template":"","meta":{"footnotes":""},"_links":{"self":[{"href":"https:\/\/www.unionbanka.cz\/index.php?rest_route=\/wp\/v2\/pages\/20"}],"collection":[{"href":"https:\/\/www.unionbanka.cz\/index.php?rest_route=\/wp\/v2\/pages"}],"about":[{"href":"https:\/\/www.unionbanka.cz\/index.php?rest_route=\/wp\/v2\/types\/page"}],"author":[{"embeddable":true,"href":"https:\/\/www.unionbanka.cz\/index.php?rest_route=\/wp\/v2\/users\/3"}],"replies":[{"embeddable":true,"href":"https:\/\/www.unionbanka.cz\/index.php?rest_route=%2Fwp%2Fv2%2Fcomments&post=20"}],"version-history":[{"count":6,"href":"https:\/\/www.unionbanka.cz\/index.php?rest_route=\/wp\/v2\/pages\/20\/revisions"}],"predecessor-version":[{"id":1010,"href":"https:\/\/www.unionbanka.cz\/index.php?rest_route=\/wp\/v2\/pages\/20\/revisions\/1010"}],"wp:attachment":[{"href":"https:\/\/www.unionbanka.cz\/index.php?rest_route=%2Fwp%2Fv2%2Fmedia&parent=20"}],"curies":[{"name":"wp","href":"https:\/\/api.w.org\/{rel}","templated":true}]}}