{"id":38,"date":"2003-04-30T00:00:24","date_gmt":"2003-04-29T23:00:24","guid":{"rendered":"http:\/\/www.unionbanka.cz\/?page_id=38"},"modified":"2022-06-13T13:30:22","modified_gmt":"2022-06-13T12:30:22","slug":"zakon-o-konkursu-a-vyrovnani-zkv","status":"publish","type":"page","link":"https:\/\/www.unionbanka.cz\/?page_id=38","title":{"rendered":"Z\u00e1kon o konkursu a vyrovn\u00e1n\u00ed (ZKV)"},"content":{"rendered":"<p><a href=\"https:\/\/www.unionbanka.cz\/wp-content\/uploads\/2016\/12\/Zakon_o_konkursu.pdf\" target=\"_blank\" rel=\"noopener noreferrer\">Z\u00e1kon o konkursu a vyrovn\u00e1n\u00ed si m\u016f\u017eete st\u00e1hnout zde ve form\u00e1tu PDF.<\/a><\/p>\n","protected":false},"excerpt":{"rendered":"<p>Z\u00e1kon o konkursu a vyrovn\u00e1n\u00ed si m\u016f\u017eete st\u00e1hnout zde ve form\u00e1tu PDF.<\/p>\n","protected":false},"author":3,"featured_media":0,"parent":0,"menu_order":0,"comment_status":"closed","ping_status":"closed","template":"","meta":{"footnotes":""},"_links":{"self":[{"href":"https:\/\/www.unionbanka.cz\/index.php?rest_route=\/wp\/v2\/pages\/38"}],"collection":[{"href":"https:\/\/www.unionbanka.cz\/index.php?rest_route=\/wp\/v2\/pages"}],"about":[{"href":"https:\/\/www.unionbanka.cz\/index.php?rest_route=\/wp\/v2\/types\/page"}],"author":[{"embeddable":true,"href":"https:\/\/www.unionbanka.cz\/index.php?rest_route=\/wp\/v2\/users\/3"}],"replies":[{"embeddable":true,"href":"https:\/\/www.unionbanka.cz\/index.php?rest_route=%2Fwp%2Fv2%2Fcomments&post=38"}],"version-history":[{"count":5,"href":"https:\/\/www.unionbanka.cz\/index.php?rest_route=\/wp\/v2\/pages\/38\/revisions"}],"predecessor-version":[{"id":1014,"href":"https:\/\/www.unionbanka.cz\/index.php?rest_route=\/wp\/v2\/pages\/38\/revisions\/1014"}],"wp:attachment":[{"href":"https:\/\/www.unionbanka.cz\/index.php?rest_route=%2Fwp%2Fv2%2Fmedia&parent=38"}],"curies":[{"name":"wp","href":"https:\/\/api.w.org\/{rel}","templated":true}]}}