{"id":40,"date":"2003-04-30T00:00:37","date_gmt":"2003-04-29T23:00:37","guid":{"rendered":"http:\/\/www.unionbanka.cz\/?page_id=40"},"modified":"2017-02-07T13:34:19","modified_gmt":"2017-02-07T12:34:19","slug":"usneseni-krajskeho-soudu","status":"publish","type":"page","link":"https:\/\/www.unionbanka.cz\/?page_id=40","title":{"rendered":"Prohl\u00e1\u0161en\u00ed konkursu"},"content":{"rendered":"<p><img loading=\"lazy\" decoding=\"async\" class=\"alignleft wp-image-76 size-full\" src=\"http:\/\/www.unionbanka.cz\/wp-content\/uploads\/2016\/12\/usnes1.jpg\" alt=\"usnes1\" width=\"626\" height=\"876\" srcset=\"https:\/\/www.unionbanka.cz\/wp-content\/uploads\/2016\/12\/usnes1.jpg 626w, https:\/\/www.unionbanka.cz\/wp-content\/uploads\/2016\/12\/usnes1-214x300.jpg 214w\" sizes=\"(max-width: 626px) 100vw, 626px\" \/><\/p>\n<p><img loading=\"lazy\" decoding=\"async\" class=\"alignnone wp-image-77 size-full\" src=\"http:\/\/www.unionbanka.cz\/wp-content\/uploads\/2016\/12\/usnes2.jpg\" alt=\"usnes2\" width=\"626\" height=\"876\" srcset=\"https:\/\/www.unionbanka.cz\/wp-content\/uploads\/2016\/12\/usnes2.jpg 626w, https:\/\/www.unionbanka.cz\/wp-content\/uploads\/2016\/12\/usnes2-214x300.jpg 214w\" sizes=\"(max-width: 626px) 100vw, 626px\" \/><\/p>\n<p><img loading=\"lazy\" decoding=\"async\" class=\"alignnone wp-image-78 size-full\" src=\"http:\/\/www.unionbanka.cz\/wp-content\/uploads\/2016\/12\/usnes3.jpg\" alt=\"usnes3\" width=\"653\" height=\"896\" srcset=\"https:\/\/www.unionbanka.cz\/wp-content\/uploads\/2016\/12\/usnes3.jpg 653w, https:\/\/www.unionbanka.cz\/wp-content\/uploads\/2016\/12\/usnes3-219x300.jpg 219w\" sizes=\"(max-width: 653px) 100vw, 653px\" \/><\/p>\n<p><img loading=\"lazy\" decoding=\"async\" class=\"alignnone wp-image-79 size-full\" src=\"http:\/\/www.unionbanka.cz\/wp-content\/uploads\/2016\/12\/usnes4.jpg\" alt=\"usnes4\" width=\"626\" height=\"876\" srcset=\"https:\/\/www.unionbanka.cz\/wp-content\/uploads\/2016\/12\/usnes4.jpg 626w, https:\/\/www.unionbanka.cz\/wp-content\/uploads\/2016\/12\/usnes4-214x300.jpg 214w\" sizes=\"(max-width: 626px) 100vw, 626px\" \/><\/p>\n<p><img loading=\"lazy\" decoding=\"async\" class=\"alignnone wp-image-80 size-full\" src=\"http:\/\/www.unionbanka.cz\/wp-content\/uploads\/2016\/12\/usnes5.jpg\" alt=\"usnes5\" width=\"626\" height=\"876\" srcset=\"https:\/\/www.unionbanka.cz\/wp-content\/uploads\/2016\/12\/usnes5.jpg 626w, https:\/\/www.unionbanka.cz\/wp-content\/uploads\/2016\/12\/usnes5-214x300.jpg 214w\" sizes=\"(max-width: 626px) 100vw, 626px\" \/><\/p>\n","protected":false},"excerpt":{"rendered":"","protected":false},"author":3,"featured_media":0,"parent":0,"menu_order":0,"comment_status":"closed","ping_status":"closed","template":"","meta":{"footnotes":""},"_links":{"self":[{"href":"https:\/\/www.unionbanka.cz\/index.php?rest_route=\/wp\/v2\/pages\/40"}],"collection":[{"href":"https:\/\/www.unionbanka.cz\/index.php?rest_route=\/wp\/v2\/pages"}],"about":[{"href":"https:\/\/www.unionbanka.cz\/index.php?rest_route=\/wp\/v2\/types\/page"}],"author":[{"embeddable":true,"href":"https:\/\/www.unionbanka.cz\/index.php?rest_route=\/wp\/v2\/users\/3"}],"replies":[{"embeddable":true,"href":"https:\/\/www.unionbanka.cz\/index.php?rest_route=%2Fwp%2Fv2%2Fcomments&post=40"}],"version-history":[{"count":6,"href":"https:\/\/www.unionbanka.cz\/index.php?rest_route=\/wp\/v2\/pages\/40\/revisions"}],"predecessor-version":[{"id":104,"href":"https:\/\/www.unionbanka.cz\/index.php?rest_route=\/wp\/v2\/pages\/40\/revisions\/104"}],"wp:attachment":[{"href":"https:\/\/www.unionbanka.cz\/index.php?rest_route=%2Fwp%2Fv2%2Fmedia&parent=40"}],"curies":[{"name":"wp","href":"https:\/\/api.w.org\/{rel}","templated":true}]}}