{"id":46,"date":"2003-04-30T00:00:47","date_gmt":"2003-04-29T23:00:47","guid":{"rendered":"http:\/\/www.unionbanka.cz\/?page_id=46"},"modified":"2017-02-07T13:35:34","modified_gmt":"2017-02-07T12:35:34","slug":"veritelsky-vybor","status":"publish","type":"page","link":"https:\/\/www.unionbanka.cz\/?page_id=46","title":{"rendered":"V\u011b\u0159itelsk\u00fd v\u00fdbor"},"content":{"rendered":"<p>V\u011b\u0159itelsk\u00fd v\u00fdbor dohl\u00ed\u017e\u00ed na \u010dinnost spr\u00e1vce konkursn\u00ed podstaty, pr\u016fb\u011b\u017en\u011b schvaluje v\u00fd\u0161i a spr\u00e1vnost hotov\u00fdch v\u00fddaj\u016f spr\u00e1vce a n\u00e1klad\u016f spojen\u00fdch s\u00a0udr\u017eov\u00e1n\u00edm a spr\u00e1vou konkursn\u00ed podstaty. V\u011b\u0159itelsk\u00fd v\u00fdbor byl zvolen na sch\u016fzi v\u011b\u0159itel\u016f konan\u00e9 dne 7.\u00a0\u0159\u00edjna\u00a02003 a potvrzen usnesen\u00edm Krajsk\u00e9ho soudu v Ostrav\u011b pod spis. zn. 33\u00a0K\u00a010\/2003-656 ze dne 8.\u00a0\u0159\u00edjna\u00a02003.<\/p>\n<p>Bli\u017e\u0161\u00ed informaci naleznete v \u00a7\u00a7 10 a 11 Z\u00e1kona \u010d. 328\/1991 Sb. o konkursu a vyrovn\u00e1n\u00ed v\u00a0platn\u00e9m zn\u011bn\u00ed \u2013 <a href=\"http:\/\/www.unionbanka.cz\/?page_id=54\" target=\"_blank\">viz. zde<\/a><\/p>\n<p><b>Slo\u017een\u00ed v\u011b\u0159itelsk\u00e9ho v\u00fdboru<\/b><\/p>\n<ol>\n<li>Garan\u010dn\u00ed syst\u00e9m finan\u010dn\u00edho trhu,<br \/>\nI\u010c 49710362, s\u00eddlo: T\u00fdn 639\/1, 110 00 Praha 1<\/li>\n<li>DVO\u0158\u00c1KOV\u00c1 LENKA,<br \/>\nnar. 30.10.1967, bytem Hru\u0161kovsk\u00e1 358, 198 00 Praha 9<\/li>\n<li>D\u0158EVOTVAR, v\u00fdrobn\u00ed dru\u017estvo Znojmo,<br \/>\nI\u010c 00030619, s\u00eddlo: Dru\u017estevn\u00ed 3615\/8, 670 27 Znojmo<\/li>\n<\/ol>\n","protected":false},"excerpt":{"rendered":"<p>V\u011b\u0159itelsk\u00fd v\u00fdbor dohl\u00ed\u017e\u00ed na \u010dinnost spr\u00e1vce konkursn\u00ed podstaty, pr\u016fb\u011b\u017en\u011b schvaluje v\u00fd\u0161i a spr\u00e1vnost hotov\u00fdch v\u00fddaj\u016f spr\u00e1vce a n\u00e1klad\u016f spojen\u00fdch s\u00a0udr\u017eov\u00e1n\u00edm a spr\u00e1vou konkursn\u00ed podstaty. V\u011b\u0159itelsk\u00fd v\u00fdbor byl zvolen na sch\u016fzi v\u011b\u0159itel\u016f konan\u00e9 dne 7.\u00a0\u0159\u00edjna\u00a02003 a potvrzen usnesen\u00edm Krajsk\u00e9ho soudu v Ostrav\u011b pod spis. zn. 33\u00a0K\u00a010\/2003-656 ze dne 8.\u00a0\u0159\u00edjna\u00a02003. Bli\u017e\u0161\u00ed informaci naleznete v \u00a7\u00a7 10 a\u2026 <span class=\"read-more\"><a href=\"https:\/\/www.unionbanka.cz\/?page_id=46\">Cel\u00fd \u010dl\u00e1nek &raquo;<\/a><\/span><\/p>\n","protected":false},"author":3,"featured_media":0,"parent":0,"menu_order":0,"comment_status":"closed","ping_status":"closed","template":"","meta":{"footnotes":""},"_links":{"self":[{"href":"https:\/\/www.unionbanka.cz\/index.php?rest_route=\/wp\/v2\/pages\/46"}],"collection":[{"href":"https:\/\/www.unionbanka.cz\/index.php?rest_route=\/wp\/v2\/pages"}],"about":[{"href":"https:\/\/www.unionbanka.cz\/index.php?rest_route=\/wp\/v2\/types\/page"}],"author":[{"embeddable":true,"href":"https:\/\/www.unionbanka.cz\/index.php?rest_route=\/wp\/v2\/users\/3"}],"replies":[{"embeddable":true,"href":"https:\/\/www.unionbanka.cz\/index.php?rest_route=%2Fwp%2Fv2%2Fcomments&post=46"}],"version-history":[{"count":4,"href":"https:\/\/www.unionbanka.cz\/index.php?rest_route=\/wp\/v2\/pages\/46\/revisions"}],"predecessor-version":[{"id":98,"href":"https:\/\/www.unionbanka.cz\/index.php?rest_route=\/wp\/v2\/pages\/46\/revisions\/98"}],"wp:attachment":[{"href":"https:\/\/www.unionbanka.cz\/index.php?rest_route=%2Fwp%2Fv2%2Fmedia&parent=46"}],"curies":[{"name":"wp","href":"https:\/\/api.w.org\/{rel}","templated":true}]}}