{"id":50,"date":"2003-04-30T00:00:22","date_gmt":"2003-04-29T23:00:22","guid":{"rendered":"http:\/\/www.unionbanka.cz\/?page_id=50"},"modified":"2022-06-13T13:32:29","modified_gmt":"2022-06-13T12:32:29","slug":"dopis-veritelum","status":"publish","type":"page","link":"https:\/\/www.unionbanka.cz\/?page_id=50","title":{"rendered":"Dopis v\u011b\u0159itel\u016fm"},"content":{"rendered":"<p>V Ostrav\u011b dne 18. 6. 2003<\/p>\n<p>V\u00e1\u017een\u00fd kliente,<\/p>\n<p>obrac\u00edm se na V\u00e1s jako\u017eto ustaven\u00fd spr\u00e1vce konkursn\u00ed podstaty \u00fapadce Union banka, a.s. \u201ev likvidaci\u201c s ozn\u00e1men\u00edm , \u017ee dne 29. 5. 2003 byl usnesen\u00edm Krajsk\u00e9ho soudu v Ostrav\u011b, sp.zn.: 33 K 10\/2003, prohl\u00e1\u0161en konkurs na majetek dlu\u017en\u00edka Union banka, a.s. \u201ev likvidaci\u201c, I\u010c 41034261, ul. 30. dubna \u010dp. 635, 702 00 Ostrava \u2013 Moravsk\u00e1 Ostrava. T\u00edmto usnesen\u00edm soudu jste byl sou\u010dasn\u011b jako v\u011b\u0159itel vyzv\u00e1n k pod\u00e1n\u00ed p\u0159ihl\u00e1\u0161ky pohled\u00e1vky v\u016f\u010di \u00fapadci Union banka, a.s. \u201ev likvidaci\u201c.<\/p>\n<p>Union banka, a.s. \u201ev likvidaci\u201c jako dlu\u017en\u00edk a \u00fapadce eviduje ke dni prohl\u00e1\u0161en\u00ed konkursu v\u016f\u010di V\u00e1m z\u00e1vazky, jejich\u017e seznam je uveden na p\u0159ihl\u00e1\u0161ce pohled\u00e1vky a z nich\u017e vypl\u00fdv\u00e1 celkov\u00fd z\u00e1vazek:<\/p>\n<p>P\u0159ihl\u00e1\u0161ku pohled\u00e1vky do konkursn\u00edho \u0159\u00edzen\u00ed je pot\u0159eba dolo\u017eit kopiemi listin, z nich\u017e jednotliv\u00e9 pohled\u00e1vky vypl\u00fdvaj\u00ed, tj. nap\u0159:<\/p>\n<p><i>&#8211; v\u00fdpis z \u00fa\u010dtu Union banky, a.s. ke dni 16. 5. 2003 respektive 17. 5. 2003<br \/>\n&#8211; list klienta vydan\u00fd GE Capital Bank, a.s.\u00a0<\/i><\/p>\n<p>Ve shora uveden\u00e9m vy\u010d\u00edslen\u00ed byla ji\u017e zohledn\u011bna \u010d\u00e1stka, kter\u00e1 V\u00e1m byla \u010di bude vyplacena Fondem poji\u0161t\u011bn\u00ed vklad\u016f prost\u0159ednictv\u00edm GE Capital Bank, a.s. Va\u0161e p\u0159\u00edpadn\u00e9 pohled\u00e1vky v ciz\u00ed m\u011bn\u011b byly v souladu se z\u00e1konem o konkursu a vyrovn\u00e1n\u00ed p\u0159epo\u010dteny podle kursu \u010cesk\u00e9 n\u00e1rodn\u00ed banky vyhl\u00e1\u0161en\u00e9ho ke dni prohl\u00e1\u0161en\u00ed konkursu.<\/p>\n<p>V p\u0159\u00edpad\u011b, \u017ee souhlas\u00edte s v\u00fd\u0161e uvedenou v\u00fd\u0161\u00ed Va\u0161\u00ed pohled\u00e1vky v\u016f\u010di \u00fapadci, m\u016f\u017eete vyu\u017e\u00edt p\u0159ilo\u017een\u00fd tiskopis p\u0159ihl\u00e1\u0161ky, k n\u011bmu\u017e p\u0159ipoj\u00edte sv\u016fj vlastnoru\u010dn\u00ed podpis a tento ve dvoj\u00edm vyhotoven\u00ed spolu s uveden\u00fdmi p\u0159\u00edlohami ode\u0161lete na adresu Krajsk\u00e9ho soudu v Ostrav\u011b a to nejl\u00e9pe ve lh\u016ft\u011b do 29. 8. 2003.<\/p>\n<p>V p\u0159\u00edpad\u011b, \u017ee jste v obdob\u00ed od 21.2.2003 do 29.5.2003 ve vztahu ke sv\u00fdm pohled\u00e1vk\u00e1m v\u016f\u010di \u00fapadci realizoval postoupen\u00ed t\u011bchto pohled\u00e1vek, p\u0159\u00edpadn\u011b jejich zapo\u010dten\u00ed, nemus\u00ed vy\u00fa\u010dtov\u00e1n\u00ed shora uveden\u00e9 odpov\u00eddat skute\u010dnosti.<\/p>\n<p>Sou\u010dasn\u011b V\u00e1s upozor\u0148uji, \u017ee pokud u V\u00e1s v minulosti do\u0161lo ke zm\u011bn\u011b osobn\u00edch \u00fadaj\u016f (zm\u011bna p\u0159\u00edjmen\u00ed, bydli\u0161t\u011b, atd.) a tyto zm\u011bny jste dosud nenahl\u00e1sil Union bance, a. s., nemus\u00ed tyto \u00fadaje v p\u0159ilo\u017een\u00e9m tiskopise p\u0159ihl\u00e1\u0161ky odpov\u00eddat skute\u010dnosti. V takov\u00e9m p\u0159\u00edpad\u011b je nezbytn\u00e9 v p\u0159ihl\u00e1\u0161ce do konkursn\u00edho \u0159\u00edzen\u00ed uv\u00e9st spr\u00e1vn\u00e9 \u00fadaje.<\/p>\n<p>Z\u00e1kladn\u00ed informace na www.union.cz, nebo volejte bezplatn\u011b zelenou linku 800 186 466.<\/p>\n<p>Ing. Michaela Huserov\u00e1<br \/>\nspr\u00e1vce konkursn\u00ed podstaty<br \/>\nUnion banka, a.s. \u201ev likvidaci\u201c<\/p>\n<p><a href=\"https:\/\/www.unionbanka.cz\/wp-content\/uploads\/2016\/12\/Dopis_veritelum.pdf\" target=\"_blank\" rel=\"noopener noreferrer\">Origin\u00e1l dopisu v\u011b\u0159itel\u016fm najdete zde.<\/a><\/p>\n","protected":false},"excerpt":{"rendered":"<p>V Ostrav\u011b dne 18. 6. 2003 V\u00e1\u017een\u00fd kliente, obrac\u00edm se na V\u00e1s jako\u017eto ustaven\u00fd spr\u00e1vce konkursn\u00ed podstaty \u00fapadce Union banka, a.s. \u201ev likvidaci\u201c s ozn\u00e1men\u00edm , \u017ee dne 29. 5. 2003 byl usnesen\u00edm Krajsk\u00e9ho soudu v Ostrav\u011b, sp.zn.: 33 K 10\/2003, prohl\u00e1\u0161en konkurs na majetek dlu\u017en\u00edka Union banka, a.s. \u201ev likvidaci\u201c, I\u010c 41034261, ul. 30.\u2026 <span class=\"read-more\"><a href=\"https:\/\/www.unionbanka.cz\/?page_id=50\">Cel\u00fd \u010dl\u00e1nek &raquo;<\/a><\/span><\/p>\n","protected":false},"author":3,"featured_media":0,"parent":0,"menu_order":0,"comment_status":"closed","ping_status":"closed","template":"","meta":{"footnotes":""},"_links":{"self":[{"href":"https:\/\/www.unionbanka.cz\/index.php?rest_route=\/wp\/v2\/pages\/50"}],"collection":[{"href":"https:\/\/www.unionbanka.cz\/index.php?rest_route=\/wp\/v2\/pages"}],"about":[{"href":"https:\/\/www.unionbanka.cz\/index.php?rest_route=\/wp\/v2\/types\/page"}],"author":[{"embeddable":true,"href":"https:\/\/www.unionbanka.cz\/index.php?rest_route=\/wp\/v2\/users\/3"}],"replies":[{"embeddable":true,"href":"https:\/\/www.unionbanka.cz\/index.php?rest_route=%2Fwp%2Fv2%2Fcomments&post=50"}],"version-history":[{"count":6,"href":"https:\/\/www.unionbanka.cz\/index.php?rest_route=\/wp\/v2\/pages\/50\/revisions"}],"predecessor-version":[{"id":1015,"href":"https:\/\/www.unionbanka.cz\/index.php?rest_route=\/wp\/v2\/pages\/50\/revisions\/1015"}],"wp:attachment":[{"href":"https:\/\/www.unionbanka.cz\/index.php?rest_route=%2Fwp%2Fv2%2Fmedia&parent=50"}],"curies":[{"name":"wp","href":"https:\/\/api.w.org\/{rel}","templated":true}]}}