{"id":52,"date":"2003-04-30T00:00:30","date_gmt":"2003-04-29T23:00:30","guid":{"rendered":"http:\/\/www.unionbanka.cz\/?page_id=52"},"modified":"2022-06-13T13:33:06","modified_gmt":"2022-06-13T12:33:06","slug":"prihlaska","status":"publish","type":"page","link":"https:\/\/www.unionbanka.cz\/?page_id=52","title":{"rendered":"P\u0159ihl\u00e1\u0161ka pohled\u00e1vek"},"content":{"rendered":"<p>Krajsk\u00fd soud v Ostrav\u011b<br \/>\nHavl\u00ed\u010dkovo n\u00e1b\u0159e\u017e\u00ed 34<br \/>\n728 81 OSTRAVA<\/p>\n<p><b>Ke spisov\u00e9 zna\u010dce: 33 K 10\/2003\u00a0<\/b><\/p>\n<p><b>\u00dapadce:<\/b> Union banka, a.s. \u201ev likvidaci\u201c, I\u010c 41034261, ul. 30. dubna \u010dp. 635, 702 00 Ostrava -Moravsk\u00e1 Ostrava<\/p>\n<p><b>Konkursn\u00ed v\u011b\u0159itel:<br \/>\nRodn\u00e9 \u010d\u00edslo\/I\u010c:<br \/>\nAdresa:\u00a0<\/b><\/p>\n<p><b>P\u0159ihl\u00e1\u0161ka pohled\u00e1vky:\u00a0<\/b><\/p>\n<ol>\n<li>Usnesen\u00edm sp. zn. 33 K 10\/2003 nadepsan\u00e9ho soudu byl prohl\u00e1\u0161en dne 29. 5. 2003 konkurs na majetek dlu\u017en\u00edka Union banka, a.s. \u201ev likvidaci\u201c, I\u010c 41034261, ul. 30. dubna \u010d.p. 635, 702 00 Ostrava \u2013 Moravsk\u00e1 Ostrava.<\/li>\n<li>Ve stanoven\u00e9 t\u0159\u00edm\u011bs\u00ed\u010dn\u00ed lh\u016ft\u011b p\u0159ihla\u0161uji jako v\u011b\u0159itel svoji pohled\u00e1vku z titulu nevyplacen\u00fdch vklad\u016f u \u00fapadce, v rozsahu v jak\u00e9m tyto vklady nejsou poji\u0161t\u011bny u Fondu poji\u0161t\u011bn\u00ed vklad\u016f. Jedn\u00e1 se o produkty s touto identifikac\u00ed:<\/li>\n<\/ol>\n<p><b>Celkov\u00e1 pohled\u00e1vka:\u00a0<\/b><\/p>\n<p><b>Opr\u00e1vn\u011bnost t\u00e9to pohled\u00e1vky dokl\u00e1d\u00e1m:\u00a0<\/b><\/p>\n<p>Kopi\u00ed v\u00fdpisu z t\u011bchto produkt\u016f<br \/>\nListem klienta vydan\u00fdm GE Capital Bank, a.s.<\/p>\n<ol start=\"3\">\n<li>S ohledem na skute\u010dnosti shora uveden\u00e9 navrhuji, aby m\u00e1 pohled\u00e1vka v celkov\u00e9 v\u00fd\u0161i X K\u010d byla jako\u017eto pohled\u00e1vka II. t\u0159\u00eddy bez n\u00e1roku na odd\u011blen\u00e9 uspokojen\u00ed spr\u00e1vcem konkursn\u00ed podstaty \u00fapadce Union banka, a.s. \u201ev likvidaci\u201c , I\u010c 41034261, ul. 30.dubna \u010dp. 635, 702 00 Ostrava \u2013 Moravsk\u00e1 Ostrava, za\u0159azena do seznamu p\u0159ihl\u00e1\u0161en\u00fdch pohled\u00e1vek a v r\u00e1mci rozvrhov\u00e9ho usnesen\u00ed uspokojena.<\/li>\n<\/ol>\n<p>D v o j m o<\/p>\n<p>V \u2026\u2026\u2026\u2026\u2026\u2026\u2026\u2026\u2026\u2026\u2026\u2026 dne \u2026\u2026\u2026\u2026\u2026\u2026\u2026\u2026\u2026\u2026\u2026\u2026\u2026\u2026\u2026\u2026\u2026<\/p>\n<p>\u2026\u2026\u2026\u2026\u2026\u2026\u2026\u2026\u2026\u2026\u2026\u2026\u2026\u2026\u2026\u2026\u2026<br \/>\nJm\u00e9no<\/p>\n<p>\u2026\u2026\u2026\u2026\u2026\u2026\u2026\u2026\u2026\u2026\u2026\u2026\u2026\u2026\u2026\u2026\u2026<br \/>\nPodpis<\/p>\n<p><a href=\"https:\/\/www.unionbanka.cz\/wp-content\/uploads\/2016\/12\/Prihlaska_pohledavek.pdf\" target=\"_blank\" rel=\"noopener noreferrer\">Origin\u00e1l p\u0159ihl\u00e1\u0161ky pohled\u00e1vek najdete zde.<\/a><\/p>\n","protected":false},"excerpt":{"rendered":"<p>Krajsk\u00fd soud v Ostrav\u011b Havl\u00ed\u010dkovo n\u00e1b\u0159e\u017e\u00ed 34 728 81 OSTRAVA Ke spisov\u00e9 zna\u010dce: 33 K 10\/2003\u00a0 \u00dapadce: Union banka, a.s. \u201ev likvidaci\u201c, I\u010c 41034261, ul. 30. dubna \u010dp. 635, 702 00 Ostrava -Moravsk\u00e1 Ostrava Konkursn\u00ed v\u011b\u0159itel: Rodn\u00e9 \u010d\u00edslo\/I\u010c: Adresa:\u00a0 P\u0159ihl\u00e1\u0161ka pohled\u00e1vky:\u00a0 Usnesen\u00edm sp. zn. 33 K 10\/2003 nadepsan\u00e9ho soudu byl prohl\u00e1\u0161en dne 29. 5. 2003\u2026 <span class=\"read-more\"><a href=\"https:\/\/www.unionbanka.cz\/?page_id=52\">Cel\u00fd \u010dl\u00e1nek &raquo;<\/a><\/span><\/p>\n","protected":false},"author":3,"featured_media":0,"parent":0,"menu_order":0,"comment_status":"closed","ping_status":"closed","template":"","meta":{"footnotes":""},"_links":{"self":[{"href":"https:\/\/www.unionbanka.cz\/index.php?rest_route=\/wp\/v2\/pages\/52"}],"collection":[{"href":"https:\/\/www.unionbanka.cz\/index.php?rest_route=\/wp\/v2\/pages"}],"about":[{"href":"https:\/\/www.unionbanka.cz\/index.php?rest_route=\/wp\/v2\/types\/page"}],"author":[{"embeddable":true,"href":"https:\/\/www.unionbanka.cz\/index.php?rest_route=\/wp\/v2\/users\/3"}],"replies":[{"embeddable":true,"href":"https:\/\/www.unionbanka.cz\/index.php?rest_route=%2Fwp%2Fv2%2Fcomments&post=52"}],"version-history":[{"count":6,"href":"https:\/\/www.unionbanka.cz\/index.php?rest_route=\/wp\/v2\/pages\/52\/revisions"}],"predecessor-version":[{"id":1016,"href":"https:\/\/www.unionbanka.cz\/index.php?rest_route=\/wp\/v2\/pages\/52\/revisions\/1016"}],"wp:attachment":[{"href":"https:\/\/www.unionbanka.cz\/index.php?rest_route=%2Fwp%2Fv2%2Fmedia&parent=52"}],"curies":[{"name":"wp","href":"https:\/\/api.w.org\/{rel}","templated":true}]}}